{"id":870,"date":"2023-02-14T07:52:52","date_gmt":"2023-02-14T07:52:52","guid":{"rendered":"http:\/\/www.szentesifaiskola.hu\/webaruhaz\/?page_id=870"},"modified":"2023-02-17T12:44:05","modified_gmt":"2023-02-17T12:44:05","slug":"tajekoztato","status":"publish","type":"page","link":"https:\/\/www.szentesifaiskola.hu\/webaruhaz\/?page_id=870","title":{"rendered":"T\u00e1j\u00e9koztat\u00f3"},"content":{"rendered":"<p>A honlapon tal\u00e1lhat\u00f3 n\u00f6v\u00e9nyek az \u00e1ruda \u00e9ves v\u00e1laszt\u00e9ka,<span style=\"color: #ff0000;\"> NEM NAPI K\u00c9SZLET<\/span>!<\/p>\n<p>Az \u00e1rud\u00e1ban tal\u00e1lhat\u00f3 mennyis\u00e9gr\u0151l \u00e9s az aktu\u00e1lis v\u00e1laszt\u00e9kr\u00f3l k\u00e9rj\u00fck telefonon, e-mailben, vagy szem\u00e9lyesen \u00e9rdekl\u0151dj\u00f6n.<\/p>\n<p>Az \u00e1rv\u00e1ltoz\u00e1s jog\u00e1t fenntartjuk!<\/p>\n","protected":false},"excerpt":{"rendered":"<p>A honlapon tal\u00e1lhat\u00f3 n\u00f6v\u00e9nyek az \u00e1ruda \u00e9ves v\u00e1laszt\u00e9ka, NEM NAPI K\u00c9SZLET! Az \u00e1rud\u00e1ban tal\u00e1lhat\u00f3 mennyis\u00e9gr\u0151l \u00e9s az aktu\u00e1lis v\u00e1laszt\u00e9kr\u00f3l k\u00e9rj\u00fck telefonon, e-mailben, vagy szem\u00e9lyesen \u00e9rdekl\u0151dj\u00f6n. Az \u00e1rv\u00e1ltoz\u00e1s jog\u00e1t fenntartjuk!<\/p>\n","protected":false},"author":3,"featured_media":0,"parent":0,"menu_order":0,"comment_status":"closed","ping_status":"closed","template":"","meta":{"footnotes":""},"class_list":["post-870","page","type-page","status-publish","hentry"],"_links":{"self":[{"href":"https:\/\/www.szentesifaiskola.hu\/webaruhaz\/index.php?rest_route=\/wp\/v2\/pages\/870","targetHints":{"allow":["GET"]}}],"collection":[{"href":"https:\/\/www.szentesifaiskola.hu\/webaruhaz\/index.php?rest_route=\/wp\/v2\/pages"}],"about":[{"href":"https:\/\/www.szentesifaiskola.hu\/webaruhaz\/index.php?rest_route=\/wp\/v2\/types\/page"}],"author":[{"embeddable":true,"href":"https:\/\/www.szentesifaiskola.hu\/webaruhaz\/index.php?rest_route=\/wp\/v2\/users\/3"}],"replies":[{"embeddable":true,"href":"https:\/\/www.szentesifaiskola.hu\/webaruhaz\/index.php?rest_route=%2Fwp%2Fv2%2Fcomments&post=870"}],"version-history":[{"count":2,"href":"https:\/\/www.szentesifaiskola.hu\/webaruhaz\/index.php?rest_route=\/wp\/v2\/pages\/870\/revisions"}],"predecessor-version":[{"id":884,"href":"https:\/\/www.szentesifaiskola.hu\/webaruhaz\/index.php?rest_route=\/wp\/v2\/pages\/870\/revisions\/884"}],"wp:attachment":[{"href":"https:\/\/www.szentesifaiskola.hu\/webaruhaz\/index.php?rest_route=%2Fwp%2Fv2%2Fmedia&parent=870"}],"curies":[{"name":"wp","href":"https:\/\/api.w.org\/{rel}","templated":true}]}}