{"id":8,"date":"2013-10-02T12:13:25","date_gmt":"2013-10-02T12:13:25","guid":{"rendered":"http:\/\/www.szentesifaiskola.hu\/webaruhaz\/?page_id=8"},"modified":"2013-11-14T16:39:37","modified_gmt":"2013-11-14T16:39:37","slug":"elallas-es-garancia-jotallas","status":"publish","type":"page","link":"https:\/\/www.szentesifaiskola.hu\/webaruhaz\/?page_id=8","title":{"rendered":"El\u00e1ll\u00e1s \u00e9s garancia, J\u00f3t\u00e1ll\u00e1s"},"content":{"rendered":"<p><b>Garancia, el\u00e1ll\u00e1si jog<\/b><\/p>\n<p><b>\u00a0<\/b><\/p>\n<p><b><span style=\"text-decoration: underline;\">Jelenleg c\u00e9g\u00fcnk online web\u00e1ruh\u00e1z r\u00e9sze csak gyorsan romland\u00f3 term\u00e9ket forgalmaz. <\/span><\/b><\/p>\n<p>17\/1999. II.5. Korm\u00e1ny rendelet szerint:<\/p>\n<p><b>5. \u00a7 <\/b>A felek elt\u00e9r\u0151 meg\u00e1llapod\u00e1sa hi\u00e1ny\u00e1ban a fogyaszt\u00f3 nem gyakorolhatja a 4. \u00a7 szerinti el\u00e1ll\u00e1si jogot<\/p>\n<p><i>c)<sup><a href=\"http:\/\/net.jogtar.hu\/jr\/gen\/hjegy_doc.cgi?docid=99900017.KOR#lbj18param#lbj18param\">18<\/a><\/sup> <\/i>olyan term\u00e9k \u00e9rt\u00e9kes\u00edt\u00e9se eset\u00e9ben, amely a fogyaszt\u00f3 szem\u00e9ly\u00e9hez k\u00f6t\u00f6tt, illetve amelyet a fogyaszt\u00f3 utas\u00edt\u00e1sai alapj\u00e1n vagy kifejezett k\u00e9r\u00e9s\u00e9re \u00e1ll\u00edtottak el\u0151, vagy amely term\u00e9szet\u00e9n\u00e9l fogva nem szolg\u00e1ltathat\u00f3 vissza vagy gyorsan romland\u00f3;<\/p>\n<p><b><i><span style=\"text-decoration: underline;\">Teh\u00e1t: a gyorsan romland\u00f3 term\u00e9kek (n\u00f6v\u00e9nyek) eset\u00e9ben<\/span><\/i><\/b> a rendelet 5. \u00a7 c. pontja \u00e9rtelm\u00e9ben a vev\u0151 nem gyakorolhatja a 8 munkanapos el\u00e1ll\u00e1si jogot, mert a term\u00e9kek nagy r\u00e9sze azonnali be\u00fcltet\u00e9st, gondoskod\u00e1st ig\u00e9nyel a k\u00e9zhezv\u00e9tel ut\u00e1n az \u00e9letben marad\u00e1s \u00e9rdek\u00e9ben!<\/p>\n","protected":false},"excerpt":{"rendered":"<p>Garancia, el\u00e1ll\u00e1si jog \u00a0 Jelenleg c\u00e9g\u00fcnk online web\u00e1ruh\u00e1z r\u00e9sze csak gyorsan romland\u00f3 term\u00e9ket forgalmaz. 17\/1999. II.5. Korm\u00e1ny rendelet szerint: 5. \u00a7 A felek elt\u00e9r\u0151 meg\u00e1llapod\u00e1sa hi\u00e1ny\u00e1ban a fogyaszt\u00f3 nem gyakorolhatja a 4. \u00a7 szerinti el\u00e1ll\u00e1si jogot c)18 olyan term\u00e9k \u00e9rt\u00e9kes\u00edt\u00e9se eset\u00e9ben, amely a fogyaszt\u00f3 szem\u00e9ly\u00e9hez k\u00f6t\u00f6tt, illetve amelyet a fogyaszt\u00f3 utas\u00edt\u00e1sai alapj\u00e1n vagy kifejezett k\u00e9r\u00e9s\u00e9re &hellip; <a href=\"https:\/\/www.szentesifaiskola.hu\/webaruhaz\/?page_id=8\" class=\"more-link\"><span class=\"screen-reader-text\">El\u00e1ll\u00e1s \u00e9s garancia, J\u00f3t\u00e1ll\u00e1s<\/span> b\u0151vebben&#8230; <span class=\"meta-nav\">&rarr;<\/span><\/a><\/p>\n","protected":false},"author":1,"featured_media":0,"parent":0,"menu_order":0,"comment_status":"closed","ping_status":"open","template":"ures_sablon.php","meta":{"footnotes":""},"class_list":["post-8","page","type-page","status-publish","hentry"],"_links":{"self":[{"href":"https:\/\/www.szentesifaiskola.hu\/webaruhaz\/index.php?rest_route=\/wp\/v2\/pages\/8","targetHints":{"allow":["GET"]}}],"collection":[{"href":"https:\/\/www.szentesifaiskola.hu\/webaruhaz\/index.php?rest_route=\/wp\/v2\/pages"}],"about":[{"href":"https:\/\/www.szentesifaiskola.hu\/webaruhaz\/index.php?rest_route=\/wp\/v2\/types\/page"}],"author":[{"embeddable":true,"href":"https:\/\/www.szentesifaiskola.hu\/webaruhaz\/index.php?rest_route=\/wp\/v2\/users\/1"}],"replies":[{"embeddable":true,"href":"https:\/\/www.szentesifaiskola.hu\/webaruhaz\/index.php?rest_route=%2Fwp%2Fv2%2Fcomments&post=8"}],"version-history":[{"count":2,"href":"https:\/\/www.szentesifaiskola.hu\/webaruhaz\/index.php?rest_route=\/wp\/v2\/pages\/8\/revisions"}],"predecessor-version":[{"id":60,"href":"https:\/\/www.szentesifaiskola.hu\/webaruhaz\/index.php?rest_route=\/wp\/v2\/pages\/8\/revisions\/60"}],"wp:attachment":[{"href":"https:\/\/www.szentesifaiskola.hu\/webaruhaz\/index.php?rest_route=%2Fwp%2Fv2%2Fmedia&parent=8"}],"curies":[{"name":"wp","href":"https:\/\/api.w.org\/{rel}","templated":true}]}}