{"id":26,"date":"2013-10-02T12:19:41","date_gmt":"2013-10-02T12:19:41","guid":{"rendered":"http:\/\/www.szentesifaiskola.hu\/webaruhaz\/?page_id=26"},"modified":"2022-10-26T07:41:53","modified_gmt":"2022-10-26T07:41:53","slug":"vasarlasi-es-szallitasi-feltetelek-vszf","status":"publish","type":"page","link":"https:\/\/www.szentesifaiskola.hu\/webaruhaz\/?page_id=26","title":{"rendered":"V\u00e1s\u00e1rl\u00e1si \u00e9s sz\u00e1ll\u00edt\u00e1si felt\u00e9telek (VSZF)"},"content":{"rendered":"<p>&nbsp;<\/p>\n<p><strong>\u00c1ltal\u00e1nos Szerz\u0151d\u00e9si \u00e9s Felhaszn\u00e1l\u00e1si felt\u00e9telek (\u00c1FSZ)<\/strong><\/p>\n<p><strong>\u00a0<\/strong><\/p>\n<p><strong>Elad\u00f3, \u00fczemeltet\u0151 adatai:<\/strong><\/p>\n<p>C\u00e9g: S\u00e1rr\u00e9ti Gyul\u00e1n\u00e9 EV (Szentesi D\u00edszfaiskola) (Nagyker.)<\/p>\n<p>\u00e9s Hello Green Kft. (Kisker)<\/p>\n<p>C\u00e9g k\u00e9pvisel\u0151: S\u00e1rr\u00e9ti Gyul\u00e1n\u00e9 \u00e9s S\u00e1rr\u00e9ti Krisztina<\/p>\n<p>Levelez\u00e9si c\u00edm: 6600 Szentes, S\u00e1fr\u00e1n M. u. 71. (Nagyker) \u00e9s<\/p>\n<p>6600 Szentes, Sima Ferenc utca 40. (Kisker)<\/p>\n<p>Telephely: 6600 Szentes, V\u00e1s\u00e1rhelyi \u00fat 146.<\/p>\n<p>Ad\u00f3sz\u00e1m: 45512177-2-26 (Nagyker)<\/p>\n<p>27114450-2-06 (Kisker)<\/p>\n<p>Egy\u00e9ni v\u00e1llalkoz\u00f3i sz\u00e1m: 902628<\/p>\n<p>Nyilv\u00e1ntart\u00e1si sz\u00e1m: 5355805<\/p>\n<p>Szerz\u0151d\u00e9s nyelve: magyar<\/p>\n<p>Banksz\u00e1mla: 11735043-20002918<\/p>\n<p>e-mail: <a href=\"mailto:info@szentesifaiskola.hu\">info@szentesifaiskola.hu<\/a> Ezt a c\u00edmet a spamrobotok ellen v\u00e9dj\u00fck. Enged\u00e9lyezze a Javascript haszn\u00e1lat\u00e1t, hogy megtekinthesse.<script type=\"text\/javascript\">\/\/ <![CDATA[ \/\/ ]]><\/script><\/p>\n<p>Web: <a href=\"http:\/\/www.szentesifaiskola.hu\/\">www.szentesifaiskola.hu<\/a><\/p>\n<p>Telefon: +36 30 326 4398, +36-30-965-1557, +36-30-310-2728, +36-30-629-7007<\/p>\n<p><strong>Megv\u00e1s\u00e1rolhat\u00f3 term\u00e9kek k\u00f6r\u00e9nek bemutat\u00e1sa<\/strong><\/p>\n<p>D\u00edszfa, Cserje, Szabadgy\u00f6ker\u0171 gy\u00fcm\u00f6lcsfa, sz\u0151l\u0151, bogy\u00f3s gy\u00fcm\u00f6lcs<\/p>\n<p><strong>\u00c1rak<\/strong><\/p>\n<p>A facebookon, web\u00e1ruh\u00e1zban felt\u00fcntetett \u00e1rak brutt\u00f3 elad\u00e1si \u00e1rak, az \u00c1FA &#8211; t minden esetben tartalmazz\u00e1k.<br \/>\nAz \u00e1rv\u00e1ltoztat\u00e1s jog\u00e1t fenntartjuk!<\/p>\n<p><b>V\u00e1s\u00e1rl\u00e1s menete<\/b><\/p>\n<p>\u00c1tveheti szem\u00e9lyesen telephely\u00fcnk\u00f6n a k\u00edv\u00e1nt n\u00f6v\u00e9nyt. Ebben az esetben k\u00e9szp\u00e9nzes \u00e9s bankk\u00e1rty\u00e1s fizet\u00e9si m\u00f3dot v\u00e1laszthat.<\/p>\n<p>K\u00e9rheti a rendel\u00e9s fut\u00e1rszolg\u00e1lattal t\u00f6rt\u00e9n\u0151 kisz\u00e1ll\u00edt\u00e1s\u00e1t. Fut\u00e1rszolg\u00e1lattal val\u00f3 kisz\u00e1ll\u00edt\u00e1s eset\u00e9n a sz\u00e1mla kiegyenl\u00edt\u00e9se k\u00e9szp\u00e9nzzel az \u00e1tv\u00e9tel helysz\u00edn\u00e9n ut\u00e1nv\u00e9ttel t\u00f6rt\u00e9nik. Ennek d\u00edj\u00e1t a rendel\u00e9s &#8211; csomagol\u00e1ssal egy\u00fctt \u00e9rtett &#8211; \u00f6sszt\u00f6mege hat\u00e1rozza meg, a megv\u00e1s\u00e1rolni k\u00edv\u00e1nt \u00e1ru t\u00f6meg\u00e9nek, t\u00e9rfogat\u00e1nak alapj\u00e1n kap sz\u00e1ll\u00edt\u00e1si aj\u00e1nlatot.<\/p>\n<p>A helyi, szentesi kisz\u00e1ll\u00edt\u00e1s d\u00edja minden esetben brutt\u00f3 3000 Ft. A rendel\u00e9s lead\u00e1sa ut\u00e1n kolleg\u00e1nk \u00e9rtes\u00edt\u00e9st kap \u00e9s a sz\u00e1ll\u00edt\u00e1s pontos id\u0151pontj\u00e1t vele egy\u00fctt hat\u00e1rozhatj\u00e1k meg. (Amennyiben kolleg\u00e1nk nem keresn\u00e9 fel, k\u00e9rem, az al\u00e1bbi telefonsz\u00e1mon legyen sz\u00edves \u00e9rdekl\u0151dni: 06-30-629-7007).<\/p>\n<p>A v\u00e1roshat\u00e1ron k\u00edv\u00fcli sz\u00e1ll\u00edt\u00e1s d\u00edja k\u00fcl\u00f6n megegyez\u00e9s t\u00e1rgy\u00e1t k\u00e9pezi darabsz\u00e1m \u00e9s m\u00e9ret f\u00fcggv\u00e9ny\u00e9ben. \u00c1ltal\u00e1nos, hozz\u00e1vet\u0151leges \u00e1r brutt\u00f3 300 Ft\/Km oda \u00e9s vissza ir\u00e1nyban is sz\u00e1molva.<\/p>\n<p>A term\u00e9kek adatlapj\u00e1n megjelen\u00edtett k\u00e9pek elt\u00e9rhetnek a val\u00f3s\u00e1gost\u00f3l, bizonyos esetekben illusztr\u00e1ci\u00f3k\u00e9nt szerepelnek. C\u00e9g\u00fcnk nem v\u00e1llal felel\u0151ss\u00e9get az esetleges technikai ismertet\u0151k a besz\u00e1ll\u00edt\u00f3, vagy rajta k\u00edv\u00fcl \u00e1ll\u00f3 okok miatt t\u00f6rt\u00e9n\u0151 el\u0151zetes bejelent\u00e9s n\u00e9lk\u00fcli v\u00e1ltoz\u00e1sa miatt.<\/p>\n<p><b>Garancia, el\u00e1ll\u00e1si jog<\/b><\/p>\n<p>17\/1999. II.5. Korm\u00e1ny rendelet szerint:<\/p>\n<p><b>5. \u00a7 <\/b>A felek elt\u00e9r\u0151 meg\u00e1llapod\u00e1sa hi\u00e1ny\u00e1ban a fogyaszt\u00f3 nem gyakorolhatja a 4. \u00a7 szerinti el\u00e1ll\u00e1si jogot<\/p>\n<p><i>c)<sup><a href=\"http:\/\/net.jogtar.hu\/jr\/gen\/hjegy_doc.cgi?docid=99900017.KOR#lbj18param#lbj18param\">18<\/a><\/sup> <\/i>olyan term\u00e9k \u00e9rt\u00e9kes\u00edt\u00e9se eset\u00e9ben, amely a fogyaszt\u00f3 szem\u00e9ly\u00e9hez k\u00f6t\u00f6tt, illetve amelyet a fogyaszt\u00f3 utas\u00edt\u00e1sai alapj\u00e1n vagy kifejezett k\u00e9r\u00e9s\u00e9re \u00e1ll\u00edtottak el\u0151, vagy amely term\u00e9szet\u00e9n\u00e9l fogva nem szolg\u00e1ltathat\u00f3 vissza vagy gyorsan romland\u00f3;<\/p>\n<p><b><i><span style=\"text-decoration: underline;\">Teh\u00e1t: a gyorsan romland\u00f3 term\u00e9kek (n\u00f6v\u00e9nyek) eset\u00e9ben<\/span><\/i><\/b> a rendelet 5. \u00a7 c. pontja \u00e9rtelm\u00e9ben a vev\u0151 nem gyakorolhatja a 8 munkanapos el\u00e1ll\u00e1si jogot, mert a term\u00e9kek nagy r\u00e9sze azonnali be\u00fcltet\u00e9st, gondoskod\u00e1st ig\u00e9nyel a k\u00e9zhezv\u00e9tel ut\u00e1n az \u00e9letben marad\u00e1s \u00e9rdek\u00e9ben!<\/p>\n<p><b>Adatkezel\u00e9s<\/b><\/p>\n<p><b>\u00a0<\/b>Az web\u00e1ruh\u00e1z haszn\u00e1lata sor\u00e1n a S\u00e1rr\u00e9ti Gyul\u00e1n\u00e9 EV \u2013 Szentesi D\u00edszfaiskola r\u00e9sz\u00e9re rendelkez\u00e9s\u00e9re bocs\u00e1tott szem\u00e9lyes adatokat bizalmasan kezeli, \u00e9s nem adja ki tov\u00e1bbi f\u00e9l sz\u00e1m\u00e1ra, kiv\u00e9ve abban az esetben, ha az a k\u00e9zbes\u00edt\u00e9shez, h\u00e1zhozsz\u00e1ll\u00edt\u00e1shoz sz\u00fcks\u00e9ges.<br \/>\nA web\u00e1ruh\u00e1z b\u00f6ng\u00e9sz\u00e9se folyam\u00e1n technikai inform\u00e1ci\u00f3k ker\u00fclnek r\u00f6gz\u00edt\u00e9se statisztikai c\u00e9lokb\u00f3l. (IP c\u00edm, l\u00e1togat\u00e1s id\u0151tartama, stb).<\/p>\n<p>Ezen adatokat a S\u00e1rr\u00e9ti Gyul\u00e1n\u00e9 EV \u2013 Szentesi D\u00edszfaiskola kiz\u00e1r\u00f3lag jogilag hitelesen indokolt, \u00e9s al\u00e1t\u00e1masztott esetben adja \u00e1t a hat\u00f3s\u00e1gok r\u00e9sz\u00e9re. A szolg\u00e1ltat\u00e1s ig\u00e9nybev\u00e9tel\u00e9hez cookie-k enged\u00e9lyez\u00e9se sz\u00fcks\u00e9ges. Amennyiben nem szeretn\u00e9 enged\u00e9lyezi a cookie-k haszn\u00e1lat\u00e1t, letilthatja a b\u00f6ng\u00e9sz\u0151je be\u00e1ll\u00edt\u00e1saiban. Cookie-k tilt\u00e1sa eset\u00e9n a szolg\u00e1ltat\u00e1s bizonyos elemei csak r\u00e9szben, vagy egy\u00e1ltal\u00e1n nem haszn\u00e1lhat\u00f3ak. A cookie egy olyan f\u00e1jl, amelyet a szerver k\u00fcld a felhaszn\u00e1l\u00f3 b\u00f6ng\u00e9sz\u0151j\u00e9nek, \u00e9s amelyet a felhaszn\u00e1l\u00f3 sz\u00e1m\u00edt\u00f3g\u00e9pe t\u00e1rol. A cookie-ban szem\u00e9lyes adat nem ker\u00fcl t\u00e1rol\u00e1sra. A megrendel\u00e9s folyam\u00e1n r\u00f6gz\u00edtett adatokat a S\u00e1rr\u00e9ti Gyul\u00e1n EV \u2013 Szentesi D\u00edszfaiskola megrendel\u00e9s teljes\u00edt\u00e9s\u00e9hez haszn\u00e1lja fel. Az egyes informatikai rendszerek \u00e1ltal, a web\u00e1ruh\u00e1z oldalain leadott megrendel\u00e9sb\u0151l k\u00e9sz\u00fclt sz\u00e1mla adatai a rendel\u00e9s lead\u00e1sa folyam\u00e1n magadott adatokkal r\u00f6gz\u00edt\u00e9sre, \u00e9s t\u00e1rol\u00e1sra ker\u00fclnek a hat\u00e1lyos sz\u00e1mviteli t\u00f6rv\u00e9nyben meghat\u00e1rozott id\u0151szakra.<\/p>\n<p>Adatai t\u00f6rl\u00e9s\u00e9t, m\u00f3dos\u00edt\u00e1s\u00e1t b\u00e1rmikor k\u00e9rheti \u00edr\u00e1sban az <a href=\"mailto:info@szentesifaiskola.hu\">info@szentesifaiskola.hu<\/a>.<\/p>\n<p>Ezt a c\u00edmet a spamrobotok ellen v\u00e9dj\u00fck. Enged\u00e9lyezze a Javascript haszn\u00e1lat\u00e1t, hogy megtekinthesse.<script type=\"text\/javascript\">\/\/ <![CDATA[ \/\/ ]]><\/script>e-mail c\u00edmen.<\/p>\n<p>A jelen \u00e1ltal\u00e1nos szerz\u0151d\u00e9si felt\u00e9telekben nem szab\u00e1lyozott k\u00e9rd\u00e9sekben a polg\u00e1ri t\u00f6rv\u00e9nyk\u00f6nyv, a t\u00e1vollev\u0151k k\u00f6z\u00f6tt k\u00f6t\u00f6tt szerz\u0151d\u00e9sekr\u0151l sz\u00f3l\u00f3 17\/1999 (II.5.) korm\u00e1nyrendelet, \u00e9s az elektronikus kereskedelmi szolg\u00e1ltat\u00e1sok, valamint az inform\u00e1ci\u00f3s t\u00e1rsadalommal \u00f6sszef\u00fcgg\u0151 szolg\u00e1ltat\u00e1sok egyes k\u00e9rd\u00e9seir\u0151l sz\u00f3l\u00f3 2001. \u00e9vi CVIII. tv. rendelkez\u00e9sei az ir\u00e1nyad\u00f3k.<\/p>\n<p>A web\u00e1ruh\u00e1z oldalainak b\u00f6ng\u00e9sz\u00e9s\u00e9vel, tov\u00e1bb\u00e1 megrendel\u00e9s\u00e9nek r\u00f6gz\u00edt\u00e9s\u00e9vel elfogadja a S\u00e1rr\u00e9ti Gyul\u00e1n\u00e9 EV \u2013 Szentesi D\u00edszfaiskola \u00e1ltal\u00e1nos szerz\u0151d\u00e9si felt\u00e9teleit, tov\u00e1bb\u00e1 adatkezel\u00e9si elveit.<\/p>\n<p>&nbsp;<\/p>\n","protected":false},"excerpt":{"rendered":"<p>&nbsp; \u00c1ltal\u00e1nos Szerz\u0151d\u00e9si \u00e9s Felhaszn\u00e1l\u00e1si felt\u00e9telek (\u00c1FSZ) \u00a0 Elad\u00f3, \u00fczemeltet\u0151 adatai: C\u00e9g: S\u00e1rr\u00e9ti Gyul\u00e1n\u00e9 EV (Szentesi D\u00edszfaiskola) (Nagyker.) \u00e9s Hello Green Kft. (Kisker) C\u00e9g k\u00e9pvisel\u0151: S\u00e1rr\u00e9ti Gyul\u00e1n\u00e9 \u00e9s S\u00e1rr\u00e9ti Krisztina Levelez\u00e9si c\u00edm: 6600 Szentes, S\u00e1fr\u00e1n M. u. 71. (Nagyker) \u00e9s 6600 Szentes, Sima Ferenc utca 40. (Kisker) Telephely: 6600 Szentes, V\u00e1s\u00e1rhelyi \u00fat 146. Ad\u00f3sz\u00e1m: 45512177-2-26 &hellip; <a href=\"https:\/\/www.szentesifaiskola.hu\/webaruhaz\/?page_id=26\" class=\"more-link\"><span class=\"screen-reader-text\">V\u00e1s\u00e1rl\u00e1si \u00e9s sz\u00e1ll\u00edt\u00e1si felt\u00e9telek (VSZF)<\/span> b\u0151vebben&#8230; <span class=\"meta-nav\">&rarr;<\/span><\/a><\/p>\n","protected":false},"author":1,"featured_media":0,"parent":0,"menu_order":0,"comment_status":"closed","ping_status":"open","template":"","meta":{"footnotes":""},"class_list":["post-26","page","type-page","status-publish","hentry"],"_links":{"self":[{"href":"https:\/\/www.szentesifaiskola.hu\/webaruhaz\/index.php?rest_route=\/wp\/v2\/pages\/26","targetHints":{"allow":["GET"]}}],"collection":[{"href":"https:\/\/www.szentesifaiskola.hu\/webaruhaz\/index.php?rest_route=\/wp\/v2\/pages"}],"about":[{"href":"https:\/\/www.szentesifaiskola.hu\/webaruhaz\/index.php?rest_route=\/wp\/v2\/types\/page"}],"author":[{"embeddable":true,"href":"https:\/\/www.szentesifaiskola.hu\/webaruhaz\/index.php?rest_route=\/wp\/v2\/users\/1"}],"replies":[{"embeddable":true,"href":"https:\/\/www.szentesifaiskola.hu\/webaruhaz\/index.php?rest_route=%2Fwp%2Fv2%2Fcomments&post=26"}],"version-history":[{"count":8,"href":"https:\/\/www.szentesifaiskola.hu\/webaruhaz\/index.php?rest_route=\/wp\/v2\/pages\/26\/revisions"}],"predecessor-version":[{"id":715,"href":"https:\/\/www.szentesifaiskola.hu\/webaruhaz\/index.php?rest_route=\/wp\/v2\/pages\/26\/revisions\/715"}],"wp:attachment":[{"href":"https:\/\/www.szentesifaiskola.hu\/webaruhaz\/index.php?rest_route=%2Fwp%2Fv2%2Fmedia&parent=26"}],"curies":[{"name":"wp","href":"https:\/\/api.w.org\/{rel}","templated":true}]}}