{"id":1570,"date":"2024-10-02T08:11:35","date_gmt":"2024-10-02T08:11:35","guid":{"rendered":"http:\/\/www.szentesifaiskola.hu\/webaruhaz\/?page_id=1570"},"modified":"2024-10-02T08:11:35","modified_gmt":"2024-10-02T08:11:35","slug":"diszfa-fajta-es-arlista","status":"publish","type":"page","link":"https:\/\/www.szentesifaiskola.hu\/webaruhaz\/?page_id=1570","title":{"rendered":"D\u00cdSZFA FAJTA \u00e9s \u00c1RLISTA"},"content":{"rendered":"\n<figure class=\"wp-block-image size-large is-resized\"><a href=\"http:\/\/www.szentesifaiskola.hu\/webaruhaz\/wp-content\/uploads\/2024\/10\/InShot_20241002_100128006-1-scaled.jpg\"><img loading=\"lazy\" decoding=\"async\" src=\"http:\/\/www.szentesifaiskola.hu\/webaruhaz\/wp-content\/uploads\/2024\/10\/InShot_20241002_100128006-1-386x1024.jpg\" alt=\"\" class=\"wp-image-1571\" width=\"600\" height=\"1592\" srcset=\"https:\/\/www.szentesifaiskola.hu\/webaruhaz\/wp-content\/uploads\/2024\/10\/InShot_20241002_100128006-1-386x1024.jpg 386w, https:\/\/www.szentesifaiskola.hu\/webaruhaz\/wp-content\/uploads\/2024\/10\/InShot_20241002_100128006-1-113x300.jpg 113w, https:\/\/www.szentesifaiskola.hu\/webaruhaz\/wp-content\/uploads\/2024\/10\/InShot_20241002_100128006-1-768x2039.jpg 768w, https:\/\/www.szentesifaiskola.hu\/webaruhaz\/wp-content\/uploads\/2024\/10\/InShot_20241002_100128006-1-579x1536.jpg 579w, https:\/\/www.szentesifaiskola.hu\/webaruhaz\/wp-content\/uploads\/2024\/10\/InShot_20241002_100128006-1-scaled.jpg 964w\" sizes=\"auto, (max-width: 600px) 100vw, 600px\" \/><\/a><\/figure>\n","protected":false},"excerpt":{"rendered":"","protected":false},"author":3,"featured_media":0,"parent":0,"menu_order":0,"comment_status":"closed","ping_status":"closed","template":"","meta":{"footnotes":""},"class_list":["post-1570","page","type-page","status-publish","hentry"],"_links":{"self":[{"href":"https:\/\/www.szentesifaiskola.hu\/webaruhaz\/index.php?rest_route=\/wp\/v2\/pages\/1570","targetHints":{"allow":["GET"]}}],"collection":[{"href":"https:\/\/www.szentesifaiskola.hu\/webaruhaz\/index.php?rest_route=\/wp\/v2\/pages"}],"about":[{"href":"https:\/\/www.szentesifaiskola.hu\/webaruhaz\/index.php?rest_route=\/wp\/v2\/types\/page"}],"author":[{"embeddable":true,"href":"https:\/\/www.szentesifaiskola.hu\/webaruhaz\/index.php?rest_route=\/wp\/v2\/users\/3"}],"replies":[{"embeddable":true,"href":"https:\/\/www.szentesifaiskola.hu\/webaruhaz\/index.php?rest_route=%2Fwp%2Fv2%2Fcomments&post=1570"}],"version-history":[{"count":1,"href":"https:\/\/www.szentesifaiskola.hu\/webaruhaz\/index.php?rest_route=\/wp\/v2\/pages\/1570\/revisions"}],"predecessor-version":[{"id":1572,"href":"https:\/\/www.szentesifaiskola.hu\/webaruhaz\/index.php?rest_route=\/wp\/v2\/pages\/1570\/revisions\/1572"}],"wp:attachment":[{"href":"https:\/\/www.szentesifaiskola.hu\/webaruhaz\/index.php?rest_route=%2Fwp%2Fv2%2Fmedia&parent=1570"}],"curies":[{"name":"wp","href":"https:\/\/api.w.org\/{rel}","templated":true}]}}