{"id":1504,"date":"2024-04-14T21:54:12","date_gmt":"2024-04-14T21:54:12","guid":{"rendered":"http:\/\/www.szentesifaiskola.hu\/webaruhaz\/?page_id=1504"},"modified":"2024-04-15T14:38:49","modified_gmt":"2024-04-15T14:38:49","slug":"latin-negyed","status":"publish","type":"page","link":"https:\/\/www.szentesifaiskola.hu\/webaruhaz\/?page_id=1504","title":{"rendered":"LATIN NEGYED :)"},"content":{"rendered":"\n<p>MEDITERR\u00c1N UDVAR NYIT\u00d3K\u00c9SZLET!!!!<\/p>\n\n\n<table width=\"644\">\n<tbody>\n<tr>\n<td width=\"581\">JAP\u00c1NJUHAR\/ ACER DISSECTUM &#8222;INABA-SCHIDARE&#8221; K15l 1\/2 T\u00d6RZS<\/td>\n<td width=\"63\">59.900,-<\/td>\n<\/tr>\n<tr>\n<td>AGAVE TARKA\/ AGAVE AMERICANA\u00a0\u00a0\u00a0\u00a0 K6L<\/td>\n<td>13.900,-<\/td>\n<\/tr>\n<tr>\n<td>CSOKISZ\u0150L\u0150\/AKEBIA QUINATA\u00a0\u00a0 K 3L<\/td>\n<td>9.900,-<\/td>\n<\/tr>\n<tr>\n<td>SELYEMAK\u00c1C \/ ALBIZIA JULIBRISSIN\u00a0\u00a0\u00a0 K20 L<\/td>\n<td>37.900,-<\/td>\n<\/tr>\n<tr>\n<td>SZAM\u00d3CAFA \/ ARBUTUS UNEDO\u00a0\u00a0\u00a0 K10 L<\/td>\n<td>11.900,-<\/td>\n<\/tr>\n<tr>\n<td>INDI\u00c1NBAN\u00c1N \/ ASIMINIA\u00a0\u00a0 K2 L<\/td>\n<td>14.900,-<\/td>\n<\/tr>\n<tr>\n<td>KEFEVIR\u00c1GFA \/ CALLISTEMON K5 L<\/td>\n<td>17.900,-<\/td>\n<\/tr>\n<tr>\n<td>KEFEVIR\u00c1G BOKOR \/ CALLISTEMON<\/td>\n<td>12.900,-<\/td>\n<\/tr>\n<tr>\n<td>SZEL\u00cdDGESZTENYE &#8222;BOUCHE DE BETIZAC&#8221; K15 L\u00a0<\/td>\n<td>59.900,-<\/td>\n<\/tr>\n<tr>\n<td>SZEL\u00cdDGESZTENYE &#8222;MARRONE&#8221; K1 L\u00a0<\/td>\n<td>14.900,-<\/td>\n<\/tr>\n<tr>\n<td>SZIVARFA (G\u00d6MB)\/ CATALPA BUNGEII &#8222;NANA&#8221;\u00a0 K15 L<\/td>\n<td>29.800,-<\/td>\n<\/tr>\n<tr>\n<td>ATLASZC\u00c9DRUS \/ CEDRUS ATLANTICA &#8222;GLAUCA&#8221; K25 L<\/td>\n<td>44.800,-<\/td>\n<\/tr>\n<tr>\n<td>ATLASZC\u00c9DRUS CS\u00dcNG\u0150\/ CEDRUS ATLATICA &#8222;GLAUCA PENDULA&#8221; K9 L<\/td>\n<td>17.900,-<\/td>\n<\/tr>\n<tr>\n<td>ATLASZC\u00c9DRUS CS\u00dcNG\u0150\/ CEDRUS ATLATICA &#8222;GLAUCA PENDULA&#8221; K180L<\/td>\n<td>298.800,-<\/td>\n<\/tr>\n<tr>\n<td>LIBANONI C\u00c9DRUS\/CEDRUS LIBANI K30L<\/td>\n<td>69.800,-<\/td>\n<\/tr>\n<tr>\n<td>C\u00c9DRUS DEODARA CS\u00dcNG\u0150 \/ CEDRUS DEODARA&#8221;PENDULA&#8221; K9L<\/td>\n<td>17.900,-<\/td>\n<\/tr>\n<tr>\n<td>J\u00daD\u00c1SFA \/ CERCIS CANADENSIS &#8222;GOLDEN FALLS&#8221; K 10L\u00a0<\/td>\n<td>54.800,-<\/td>\n<\/tr>\n<tr>\n<td>J\u00daD\u00c1SFA \/ CERCIS CANADENSIS &#8222;MERLOT&#8221; K 10L\u00a0<\/td>\n<td>54.800,-<\/td>\n<\/tr>\n<tr>\n<td>J\u00daD\u00c1SFA \/ CERCIS CANADENSIS &#8222;RISING SUN&#8221; K 10L\u00a0<\/td>\n<td>54.800,-<\/td>\n<\/tr>\n<tr>\n<td>J\u00daD\u00c1SFA \/ CERCIS SILIQUASTRUM\u00a0 K30L<\/td>\n<td>49.800,.<\/td>\n<\/tr>\n<tr>\n<td>K\u00cdNAI KENDERP\u00c1LMA \/CHAMAEROPS EXCELSA\u00a0 K15L<\/td>\n<td>25.800,-<\/td>\n<\/tr>\n<tr>\n<td>CTRUSF\u00c9L\u00c9K CITROM, MANDARIN, NARANCS (T\u00d6RZSES)\u00a0 K5L<\/td>\n<td>19.900,-<\/td>\n<\/tr>\n<tr>\n<td>ISZALAG \/ CLEMATIS K3L<\/td>\n<td>11.800,-<\/td>\n<\/tr>\n<tr>\n<td>BUNK\u00d3LILIOM \/ CORDYLINE BANKSII &#8222;ELECTRIC PINK&#8221;\u00a0 K 3L<\/td>\n<td>8.900,-<\/td>\n<\/tr>\n<tr>\n<td>ARIZ\u00d3NIAI CIPRUS \/ CUPRESSUS ARIZONICA\u00a0\u00a0 K15L<\/td>\n<td>24.800,-<\/td>\n<\/tr>\n<tr>\n<td>EZ\u00dcSTFA \/ ELEAGNUS EBBINGEI &#8222;VIVELEIG\u00a0\u00a0 K45 L<\/td>\n<td>64.900,-<\/td>\n<\/tr>\n<tr>\n<td>EUKALIPTUSZ \/ EUCALYPTUS CINEREA\u00a0\u00a0 K3L<\/td>\n<td>7.800,-<\/td>\n<\/tr>\n<tr>\n<td>EUKALIPTUSZ 1\/4 T\u00d6RZSES \/ EUCALYPTUS GUNNI K5L<\/td>\n<td>19.800,-<\/td>\n<\/tr>\n<tr>\n<td>EUKALIPTUSZ 1\/4 T\u00d6RZSES \/ EUCALYPTUS GUNNI K9L<\/td>\n<td>28.800,-<\/td>\n<\/tr>\n<tr>\n<td>ARANYKECSKER\u00c1G\u00d3 1\/2 T\u00d6RZSES K 25L<\/td>\n<td>22.900,-<\/td>\n<\/tr>\n<tr>\n<td>F\u00dcGE FAJT\u00c1K \/ FICUS CARICA &#8222;rouge bordeaux&#8221; \u00e9s &#8222;brown turkey&#8221;\u00a0 K3l<\/td>\n<td>5.500,-<\/td>\n<\/tr>\n<tr>\n<td>F\u00dcGE 1\/2 T\u00d6RZSES \/ FICUS CARICA\u00a0 K10L<\/td>\n<td>15.800,-<\/td>\n<\/tr>\n<tr>\n<td>P\u00c1FR\u00c1NYFENY\u0150 1\/4 T\u00d6RZSES\u00a0 K15L<\/td>\n<td>29.800,-<\/td>\n<\/tr>\n<tr>\n<td>LEP\u00c9NYFA\u00a0 &#8222;Sunburst&#8221; \/ GLEDITSIA TRIAC.<\/td>\n<td>49.800,-<\/td>\n<\/tr>\n<tr>\n<td>BUG\u00c1S HORTENZIA\u00a0 1\/2 T\u00d6RZSES\u00a0 \/ HYDRANGEA P. &#8222;Limelight&#8221;\u00a0\u00a0 K9L<\/td>\n<td>8.900,-<\/td>\n<\/tr>\n<tr>\n<td>MAGYAL 1\/2 T\u00d6RZS \/ ILEX MUTCHAGARA &#8222;Nelle R. Stevens&#8221;\u00a0 K40L\u00a0<\/td>\n<td>94.800,-<\/td>\n<\/tr>\n<tr>\n<td>BOR\u00d3KA 1\/2 T\u00d6RZS\u00a0 \/ JUNIPERUS CONFERTA &#8222;Bl. Diamond Red Hot&#8221; K25L<\/td>\n<td>54.800,-<\/td>\n<\/tr>\n<tr>\n<td>BOR\u00d3KA 1\/2 T\u00d6RZS\u00a0 \/ JUNIPERUS CONFERTA &#8222;Bl. Diamond Red Hot&#8221; 18L<\/td>\n<td>37.800,-<\/td>\n<\/tr>\n<tr>\n<td>DATOLYASZILA\u00a0 KOROS, T\u00d6RZSES \/ DIOSPYROS KAKI K25L<\/td>\n<td>22.800,-<\/td>\n<\/tr>\n<tr>\n<td>K\u00cdNAI SELYEMMIRTUSZ FAJT\u00c1K V\u00d6R\u00d6S LEV\u00c9LLEL\/ LAGERSTROEMIS INDICA\u00a0 K3L<\/td>\n<td>7.800,-<\/td>\n<\/tr>\n<tr>\n<td>K\u00cdNAI SELYEMMIRTUSZ 1\/2 T\u00d6RZS\u00a0 \/ LAGERSTROEMIA INDICA\u00a0\u00a0 K10L<\/td>\n<td>19.900,-<\/td>\n<\/tr>\n<tr>\n<td>ARANYTARKA FAGYAL \/ LIGUSTRUM JAPONICUM &#8222;EXCELSUM SUPERBUM&#8221; K 50L<\/td>\n<td>34.900,-<\/td>\n<\/tr>\n<tr>\n<td>\u00c1MBRAFA T\u00d6RZSES 3\/4 \/LIQUIDAMBAR S. &#8222;GUMBALL&#8221;\u00a0 K25L<\/td>\n<td>54.800,-<\/td>\n<\/tr>\n<tr>\n<td>\u00c1MBRAFA OSZLOPOS\u00a0 \/LIQUIDAMBAR S. &#8222;SLENDER SILHOUETTE&#8221;\u00a0 K30L<\/td>\n<td>54.800,-<\/td>\n<\/tr>\n<tr>\n<td>\u00c1MBRAFA \/ LIQUIDAMBAR K25L<\/td>\n<td>39.800,-<\/td>\n<\/tr>\n<tr>\n<td>AMERIKAI TULIP\u00c1NFA \/ LIRIODENDRON TULIPIFERA K12L<\/td>\n<td>37.900,-<\/td>\n<\/tr>\n<tr>\n<td>AMERIKAI TULIP\u00c1NFA \/ LIRIODENDRON TULIPIFERA K25L<\/td>\n<td>49.800,-<\/td>\n<\/tr>\n<tr>\n<td>MAGNOLIA S\u00c1RGA\u00a0 \/ MAGNOLIA &#8222;BUTTERFLIES&#8221;\u00a0\u00a0 K10<\/td>\n<td>21.800,-<\/td>\n<\/tr>\n<tr>\n<td>\u00d6R\u00d6KZ\u00d6LD MAGNOLIA\u00a0 \/MAGNOLIA GRANDIFLORA &#8222;FRANCOIS TRYVE&#8221;\u00a0 K18L<\/td>\n<td>54.800,-<\/td>\n<\/tr>\n<tr>\n<td>\u00d6R\u00d6KZ\u00d6LD MAGNOLIA\u00a0 \/MAGNOLIA GRANDIFLORA &#8222;GALLISSONIENSIS&#8221;\u00a0 K20L<\/td>\n<td>44.800,<\/td>\n<\/tr>\n<tr>\n<td>\u00d6R\u00d6KZ\u00d6LD MAGNOLIA\u00a0 \/MAGNOLIA GRANDIFLORA &#8222;GALLISSONIENSIS&#8221;\u00a0 K30L<\/td>\n<td>59.800,-<\/td>\n<\/tr>\n<tr>\n<td>\u00d6R\u00d6KZ\u00d6LD MAGNOLIA\u00a0 \/MAGNOLIA GRANDIFLORA &#8222;GALLISSONIENSIS&#8221;\u00a0 K35L<\/td>\n<td>69.800,-<\/td>\n<\/tr>\n<tr>\n<td>\u00d6R\u00d6KZ\u00d6LD MAGNOLIA\u00a0 \/MAGNOLIA GRANDIFLORA &#8222;GALLISSONIENSIS&#8221;\u00a0 K55L<\/td>\n<td>79.800,-<\/td>\n<\/tr>\n<tr>\n<td>\u00d6R\u00d6KZ\u00d6LD MAGNOLIA\u00a0 \/MAGNOLIA GRANDIFLORA &#8222;GALLISSONIENSIS&#8221;\u00a0 K70L<\/td>\n<td>98.800,-<\/td>\n<\/tr>\n<tr>\n<td>\u00a0<\/td>\n<td>\u00a0<\/td>\n<\/tr>\n<tr>\n<td>\u00d6R\u00d6KZ\u00d6LD MAGNOLIA\u00a0 \/MAGNOLIA GRANDIFLORA &#8222;KAY PARRIS&#8221;\u00a0 K15L<\/td>\n<td>34.800,-<\/td>\n<\/tr>\n<tr>\n<td>\u00d6R\u00d6KZ\u00d6LD MAGNOLIA\u00a0 \/MAGNOLIA GRANDIFLORA &#8222;LITTLE GEM&#8221;\u00a0 K9L<\/td>\n<td>26.800,-<\/td>\n<\/tr>\n<tr>\n<td>MAGNOLIA S\u00c1RGA\u00a0 \/ MAGNOLIA &#8222;YELLOW BIRD&#8221;\u00a0\u00a0 K30L<\/td>\n<td>44.800,-<\/td>\n<\/tr>\n<tr>\n<td>D\u00cdSZALMA CS\u00dcNG\u0150 V\u00d6R\u00d6SLEVEL\u0170\/ MALUS &#8222;FLORIBUNDA PENDULA&#8221;\u00a0 K18L<\/td>\n<td>39.800,-<\/td>\n<\/tr>\n<tr>\n<td>MAMMUTFENY\u0150 T\u00d6RZSES \/ METASEQUIA &#8222;Hamlet&#8217;s broom &#8221; K15L\u00a0<\/td>\n<td>44.800,-<\/td>\n<\/tr>\n<tr>\n<td>VATTACUKORF\u0170\u00a0 \/\u00a0 MUHLENBERGIA &#8222;CAPILLARIS&#8221;\u00a0 K3L<\/td>\n<td>4.800,-<\/td>\n<\/tr>\n<tr>\n<td>JAP\u00c1N SZENTFA \/\u00a0 NANDINA DOMESTICA K5L<\/td>\n<td>6.800<\/td>\n<\/tr>\n<tr>\n<td>JAP\u00c1N SZENTFA \/\u00a0 NANDINA DOMESTICA K25L<\/td>\n<td>37.800,-<\/td>\n<\/tr>\n<tr>\n<td>JAP\u00c1N SZENTFA \/\u00a0 NANDINA DOMESTICA K25L<\/td>\n<td>49.800,-<\/td>\n<\/tr>\n<tr>\n<td>OLAJFA\u00a0 \/OLEA EURPAEA\u00a0 2L<\/td>\n<td>9.800,-<\/td>\n<\/tr>\n<tr>\n<td>OLAJFA\u00a0 \/OLEA &#8222;CIPRESSINO&#8221;\u00a0 K5L<\/td>\n<td>19.800,-<\/td>\n<\/tr>\n<tr>\n<td>PERZSAFA\u00a0 \/PAROTIA PERSICA\u00a0 K12L<\/td>\n<td>22.800,-<\/td>\n<\/tr>\n<tr>\n<td>KORALLBERKENYE\u00a0 &#8222;ROBUSTA COMPACT&#8221; \/PHOTINIA FRASERI K15L<\/td>\n<td>19.800,-<\/td>\n<\/tr>\n<tr>\n<td>KORALLBERKENYE\u00a0 &#8222;LITTLE RED ROBIN&#8221; \/PHOTINIA FRASERI K3L<\/td>\n<td>5.800,-<\/td>\n<\/tr>\n<tr>\n<td>KORALLBERKENYE\u00a0\u00a0 1\/2 T\u00d6RZS\u00a0 &#8222;LITTLE RED ROBIN&#8221; \/PHOTINIA FRASERI K15L<\/td>\n<td>31.800,-<\/td>\n<\/tr>\n<tr>\n<td>KORALLBERKENYE\u00a0\u00a0 1\/4 T\u00d6RZS\u00a0 &#8222;RED ROBIN&#8221; \/PHOTINIA FRASERI K7L<\/td>\n<td>13.800,-<\/td>\n<\/tr>\n<tr>\n<td>KORALLBERKENYE\u00a0\u00a0 1\/2 T\u00d6RZS\u00a0 &#8222;RED ROBIN&#8221; \/PHOTINIA FRASERI K25L<\/td>\n<td>34.800,-<\/td>\n<\/tr>\n<tr>\n<td>KORALLBERKENYE\u00a0\u00a0 1\/2 T\u00d6RZS\u00a0 &#8222;RED ROBIN&#8221; \/PHOTINIA FRASERI K30L<\/td>\n<td>44.800,-<\/td>\n<\/tr>\n<tr>\n<td>T\u00d6RZSES FENY\u0150F\u00c9LE \/ PINUS NIGRA &#8222;BREVIFOLIA&#8221;\u00a0\u00a0 K18L<\/td>\n<td>64.800,-<\/td>\n<\/tr>\n<tr>\n<td>GR\u00c1N\u00c1TALMA T\u00d6RZSES TERM\u0150\u00a0 \/ PUNICA GRANATUM\u00a0 K12L<\/td>\n<td>26.800,-<\/td>\n<\/tr>\n<tr>\n<td>T\u0170ZT\u00d6VIS OSZLOPOS \/\u00a0 PYRACANTHA\u00a0 K2L<\/td>\n<td>3.800,-<\/td>\n<\/tr>\n<tr>\n<td>NEMES ECETFA \/ RHUS TYPHINA\u00a0\u00a0\u00a0 K10L<\/td>\n<td>14.800,-<\/td>\n<\/tr>\n<tr>\n<td>CSILLAGJ\u00c1ZMIN OSZLOP \/ RHYNCOSPERMUM JASMINOIDES\u00a0\u00a0 K5L<\/td>\n<td>12.800,-<\/td>\n<\/tr>\n<tr>\n<td>T\u00c9LI BANGITA \/ VIBURNUM TINUS &#8216;EVE PRICE&#8221;\u00a0\u00a0\u00a0 K9L<\/td>\n<td>9.800,-<\/td>\n<\/tr>\n<tr>\n<td>SZ\u0150L\u0150K \/ VITIS VINIFERA K5L<\/td>\n<td>9.900,-<\/td>\n<\/tr>\n<tr>\n<td>\u00d6REG SZ\u0150L\u0150LUGAS\u00a0 \/ VITIS VINIFERA\u00a0 K50L<\/td>\n<td>68.000,-<\/td>\n<\/tr>\n<tr>\n<td>LILAAK\u00c1C\u00a0 \/WISTERIA CHINENSIS\u00a0 K3L<\/td>\n<td>9.900,-<\/td>\n<\/tr>\n<tr>\n<td>YUCCA ROSTRATA\u00a0 K9L<\/td>\n<td>24.800,-<\/td>\n<\/tr>\n<tr>\n<td>YUCCA ROSTRATA\u00a0 K15L<\/td>\n<td>39.800,-<\/td>\n<\/tr>\n<tr>\n<td>YUCCA ROSTRATA\u00a0 K25L<\/td>\n<td>89.900,-<\/td>\n<\/tr>\n<\/tbody>\n<\/table>","protected":false},"excerpt":{"rendered":"<p>MEDITERR\u00c1N UDVAR NYIT\u00d3K\u00c9SZLET!!!! JAP\u00c1NJUHAR\/ ACER DISSECTUM &#8222;INABA-SCHIDARE&#8221; K15l 1\/2 T\u00d6RZS 59.900,- AGAVE TARKA\/ AGAVE AMERICANA\u00a0\u00a0\u00a0\u00a0 K6L 13.900,- CSOKISZ\u0150L\u0150\/AKEBIA QUINATA\u00a0\u00a0 K 3L 9.900,- SELYEMAK\u00c1C \/ ALBIZIA JULIBRISSIN\u00a0\u00a0\u00a0 K20 L 37.900,- SZAM\u00d3CAFA \/ ARBUTUS UNEDO\u00a0\u00a0\u00a0 K10 L 11.900,- INDI\u00c1NBAN\u00c1N \/ ASIMINIA\u00a0\u00a0 K2 L 14.900,- KEFEVIR\u00c1GFA \/ CALLISTEMON K5 L 17.900,- KEFEVIR\u00c1G BOKOR \/ CALLISTEMON 12.900,- SZEL\u00cdDGESZTENYE &#8222;BOUCHE &hellip; <a href=\"https:\/\/www.szentesifaiskola.hu\/webaruhaz\/?page_id=1504\" class=\"more-link\"><span class=\"screen-reader-text\">LATIN NEGYED \ud83d\ude42<\/span> b\u0151vebben&#8230; <span class=\"meta-nav\">&rarr;<\/span><\/a><\/p>\n","protected":false},"author":3,"featured_media":0,"parent":0,"menu_order":0,"comment_status":"closed","ping_status":"closed","template":"","meta":{"footnotes":""},"class_list":["post-1504","page","type-page","status-publish","hentry"],"_links":{"self":[{"href":"https:\/\/www.szentesifaiskola.hu\/webaruhaz\/index.php?rest_route=\/wp\/v2\/pages\/1504","targetHints":{"allow":["GET"]}}],"collection":[{"href":"https:\/\/www.szentesifaiskola.hu\/webaruhaz\/index.php?rest_route=\/wp\/v2\/pages"}],"about":[{"href":"https:\/\/www.szentesifaiskola.hu\/webaruhaz\/index.php?rest_route=\/wp\/v2\/types\/page"}],"author":[{"embeddable":true,"href":"https:\/\/www.szentesifaiskola.hu\/webaruhaz\/index.php?rest_route=\/wp\/v2\/users\/3"}],"replies":[{"embeddable":true,"href":"https:\/\/www.szentesifaiskola.hu\/webaruhaz\/index.php?rest_route=%2Fwp%2Fv2%2Fcomments&post=1504"}],"version-history":[{"count":2,"href":"https:\/\/www.szentesifaiskola.hu\/webaruhaz\/index.php?rest_route=\/wp\/v2\/pages\/1504\/revisions"}],"predecessor-version":[{"id":1507,"href":"https:\/\/www.szentesifaiskola.hu\/webaruhaz\/index.php?rest_route=\/wp\/v2\/pages\/1504\/revisions\/1507"}],"wp:attachment":[{"href":"https:\/\/www.szentesifaiskola.hu\/webaruhaz\/index.php?rest_route=%2Fwp%2Fv2%2Fmedia&parent=1504"}],"curies":[{"name":"wp","href":"https:\/\/api.w.org\/{rel}","templated":true}]}}